{"id":6900,"date":"2023-10-23T11:44:00","date_gmt":"2023-10-23T09:44:00","guid":{"rendered":"https:\/\/www.chemindeveil.fr\/?page_id=6900"},"modified":"2026-02-18T15:50:02","modified_gmt":"2026-02-18T14:50:02","slug":"cgu","status":"publish","type":"page","link":"https:\/\/lavoiedenahk.fr\/blog\/cgu\/","title":{"rendered":"Conditions G\u00e9n\u00e9rales d&#8217;Utilisation"},"content":{"rendered":"\t\t<div data-elementor-type=\"wp-page\" data-elementor-id=\"6900\" class=\"elementor elementor-6900\" data-elementor-post-type=\"page\">\n\t\t\t\t<div class=\"elementor-element elementor-element-a383b1c e-con-full e-flex e-con e-parent\" data-id=\"a383b1c\" data-element_type=\"container\" data-e-type=\"container\">\n\t\t\t\t<div class=\"elementor-element elementor-element-8d6cc66 elementor-widget elementor-widget-heading\" data-id=\"8d6cc66\" data-element_type=\"widget\" data-e-type=\"widget\" data-widget_type=\"heading.default\">\n\t\t\t\t<div class=\"elementor-widget-container\">\n\t\t\t\t\t<h2 class=\"elementor-heading-title elementor-size-default\">Conditions g\u00e9n\u00e9rales d'utilisation en vigueur au 11\/07\/2024<\/h2>\t\t\t\t<\/div>\n\t\t\t\t<\/div>\n\t\t\t\t<div class=\"elementor-element elementor-element-ccaced7 elementor-widget elementor-widget-spacer\" data-id=\"ccaced7\" data-element_type=\"widget\" data-e-type=\"widget\" data-widget_type=\"spacer.default\">\n\t\t\t\t<div class=\"elementor-widget-container\">\n\t\t\t\t\t\t\t<div class=\"elementor-spacer\">\n\t\t\t<div class=\"elementor-spacer-inner\"><\/div>\n\t\t<\/div>\n\t\t\t\t\t\t<\/div>\n\t\t\t\t<\/div>\n\t\t\t\t<div class=\"elementor-element elementor-element-e68b4b3 elementor-widget elementor-widget-text-editor\" data-id=\"e68b4b3\" data-element_type=\"widget\" data-e-type=\"widget\" data-widget_type=\"text-editor.default\">\n\t\t\t\t<div class=\"elementor-widget-container\">\n\t\t\t\t\t\t\t\t\t<h2>Conditions g\u00e9n\u00e9rales d&#8217;utilisation<\/h2><div>\u00a0<\/div><div>Les pr\u00e9sentes conditions g\u00e9n\u00e9rales d&#8217;utilisation (dites \u00ab CGU \u00bb) ont pour objet l&#8217;encadrement juridique des modalit\u00e9s de mise \u00e0 disposition du site et des services par La Voie de Nahk et de d\u00e9finir les conditions d&#8217;acc\u00e8s et d&#8217;utilisation des services par \u00ab l&#8217;Utilisateur \u00bb.<\/div><div>\u00a0<\/div><div>Les pr\u00e9sentes CGU sont accessibles sur le site \u00e0 la rubrique \u00ab CGU \u00bb.<\/div><div>\u00a0<\/div><h3>Article 1 : Les mentions l\u00e9gales<\/h3><div>\u00a0<\/div><div>L&#8217;\u00e9dition du site https:\/\/lavoiedenahk.fr\/blog\/ est assur\u00e9e par la Soci\u00e9t\u00e9 SAS La voie de Nahk au capital de 1000 euros, immatricul\u00e9e au RCS de Bobigny sous le num\u00e9ro 930 530 324, dont le si\u00e8ge social est situ\u00e9 au 6, plage Georges Pompidou 93160 Noisy-le-Grand<\/div><div>\u00a0<\/div><div>\u00a0<\/div><div>Adresse e-mail : webmaster@kalitlabs.fr<\/div><div>Num\u00e9ro de TVA intracommunautaire : FR48930530324<\/div><div>\u00a0<\/div><div>L&#8217;h\u00e9bergeur du site https:\/\/lavoiedenahk.fr\/blog\/ est la soci\u00e9t\u00e9 OVH, dont le si\u00e8ge social est situ\u00e9 au 2 rue Kellermann &#8211; 59100 Roubaix &#8211; France<\/div><div>\u00a0<\/div><h3>Article 2 : Acc\u00e8s au site<\/h3><div>\u00a0<\/div><div>Le site https:\/\/lavoiedenahk.fr\/blog\/ est accessible gratuitement en tout lieu \u00e0 tout Utilisateur ayant un acc\u00e8s \u00e0 Internet. Tous les frais support\u00e9s par l&#8217;Utilisateur pour acc\u00e9der au service (mat\u00e9riel informatique, logiciels, connexion Internet, etc.) sont \u00e0 sa charge. Le site fait r\u00e9f\u00e9rence aux autres sites connexes La voie de Nahk et Nahk-hypnose.<\/div><div>\u00a0<\/div><h2>Article 3 : Collecte des donn\u00e9es<\/h2><div>\u00a0<\/div><div>Le site assure \u00e0 l&#8217;Utilisateur une collecte et un traitement d&#8217;informations personnelles dans le respect de la vie priv\u00e9e conform\u00e9ment \u00e0 la loi n\u00b078-17 du 6 janvier 1978 relative \u00e0 l&#8217;informatique, aux fichiers et aux libert\u00e9s.<\/div><div>\u00a0<\/div><div>En vertu de la loi Informatique et Libert\u00e9s, en date du 6 janvier 1978, l&#8217;Utilisateur dispose d&#8217;un droit d&#8217;acc\u00e8s, de rectification, de suppression et d&#8217;opposition de ses donn\u00e9es personnelles. L&#8217;Utilisateur exerce ce droit :<\/div><div>\u00a0<\/div><div>\u00a0<\/div><div>\u00a0<\/div><div>par mail \u00e0 l&#8217;adresse email : contact@chemindeveil.fr<\/div><div>par voie postale \u00e0<\/div><div>\u00a0 \u00a0 \u00a0 KaliT<\/div><div>\u00a0 \u00a0 \u00a0 6, place Georges Pompidou<\/div><div>\u00a0 \u00a0 \u00a0 93160 Noisy-le-Grand<\/div><div>via le formulaire de contact<\/div><div>\u00a0<\/div><div>\u00a0<\/div><h3>Article 4 : Propri\u00e9t\u00e9 intellectuelle<\/h3><div>\u00a0<\/div><div>Les marques, logos, signes ainsi que tous les contenus du site (textes, images, son\u2026) font l&#8217;objet d&#8217;une protection par le Code de la propri\u00e9t\u00e9 intellectuelle et plus particuli\u00e8rement par le droit d&#8217;auteur.<\/div><div>\u00a0<\/div><div>L&#8217;Utilisateur doit solliciter l&#8217;autorisation pr\u00e9alable du site pour toute reproduction, publication, copie des diff\u00e9rents contenus. Il s&#8217;engage \u00e0 une utilisation des contenus du site dans un cadre strictement priv\u00e9, toute utilisation \u00e0 des fins commerciales et publicitaires est strictement interdite.<\/div><div>\u00a0<\/div><div>Toute repr\u00e9sentation totale ou partielle de ce site par quelque proc\u00e9d\u00e9 que ce soit, sans l&#8217;autorisation expresse de l&#8217;exploitant du site Internet constituerait une contrefa\u00e7on sanctionn\u00e9e par l&#8217;article L 335-2 et suivants du Code de la propri\u00e9t\u00e9 intellectuelle.<\/div><div>\u00a0<\/div><div>Il est rappel\u00e9 conform\u00e9ment \u00e0 l&#8217;article L122-5 du Code de propri\u00e9t\u00e9 intellectuelle que l&#8217;Utilisateur qui reproduit, copie ou publie le contenu prot\u00e9g\u00e9 doit citer l&#8217;auteur et sa source.<\/div><div>\u00a0<\/div><h3>Article 5 : Responsabilit\u00e9<\/h3><div>\u00a0<\/div><div>Les sources des informations diffus\u00e9es sur le site https:\/\/lavoiedenahk.fr\/blog\/ sont r\u00e9put\u00e9es fiables mais le site ne garantit pas qu&#8217;il soit exempt de d\u00e9fauts, d&#8217;erreurs ou d&#8217;omissions.<\/div><div>\u00a0<\/div><div>Les informations communiqu\u00e9es sont pr\u00e9sent\u00e9es \u00e0 titre indicatif et g\u00e9n\u00e9ral sans valeur contractuelle. Malgr\u00e9 des mises \u00e0 jour r\u00e9guli\u00e8res, le site https:\/\/lavoiedenahk.fr\/blog\/ ne peut \u00eatre tenu responsable de la modification des dispositions administratives et juridiques survenant apr\u00e8s la publication. De m\u00eame, le site ne peut \u00eatre tenue responsable de l&#8217;utilisation et de l&#8217;interpr\u00e9tation de l&#8217;information contenue dans ce site.<\/div><div>\u00a0<\/div><div>Le site https:\/\/lavoiedenahk.fr\/blog\/ ne peut \u00eatre tenu pour responsable d&#8217;\u00e9ventuels virus qui pourraient infecter l&#8217;ordinateur ou tout mat\u00e9riel informatique de l&#8217;Internaute, suite \u00e0 une utilisation, \u00e0 l&#8217;acc\u00e8s, ou au t\u00e9l\u00e9chargement provenant de ce site.<\/div><div>\u00a0<\/div><div>La responsabilit\u00e9 du site ne peut \u00eatre engag\u00e9e en cas de force majeure ou du fait impr\u00e9visible et insurmontable d&#8217;un tiers.<\/div><div>\u00a0<\/div><h3>Article 6 : Liens hypertextes<\/h3><div>\u00a0<\/div><div>Des liens hypertextes peuvent \u00eatre pr\u00e9sents sur le site. L&#8217;Utilisateur est inform\u00e9 qu&#8217;en cliquant sur ces liens, il sortira du site https:\/\/lavoiedenahk.fr\/blog\/ . Ce dernier n&#8217;a pas de contr\u00f4le sur les pages web sur lesquelles aboutissent ces liens et ne saurait, en aucun cas, \u00eatre responsable de leur contenu.<\/div><div>\u00a0<\/div><h3>Article 7 : Cookies<\/h3><div>\u00a0<\/div><div>L&#8217;Utilisateur est inform\u00e9 que lors de ses visites sur le site, un cookie peut s&#8217;installer automatiquement sur son logiciel de navigation.<\/div><div>\u00a0<\/div><div>Les cookies sont de petits fichiers stock\u00e9s temporairement sur le disque dur de l&#8217;ordinateur de l&#8217;Utilisateur par votre navigateur et qui sont n\u00e9cessaires \u00e0 l&#8217;utilisation du site https:\/\/lavoiedenahk.fr\/blog\/ . Les cookies ne contiennent pas d&#8217;information personnelle et ne peuvent pas \u00eatre utilis\u00e9s pour identifier quelqu&#8217;un. Un cookie contient un identifiant unique, g\u00e9n\u00e9r\u00e9 al\u00e9atoirement et donc anonyme. Certains cookies expirent \u00e0 la fin de la visite de l&#8217;Utilisateur, d&#8217;autres restent.<\/div><div>\u00a0<\/div><div>L&#8217;information contenue dans les cookies est utilis\u00e9e pour am\u00e9liorer le site https:\/\/lavoiedenahk.fr\/blog\/ .<\/div><div>\u00a0<\/div><div>En naviguant sur le site, L&#8217;Utilisateur les accepte.<\/div><div>L&#8217;Utilisateur pourra d\u00e9sactiver ces cookies par l&#8217;interm\u00e9diaire des param\u00e8tres figurant au sein de son logiciel de navigation.<\/div><div>\u00a0<\/div><h3>Article 8 : Publication par l&#8217;Utilisateur<\/h3><div>\u00a0<\/div><div>Le site permet aux membres de publier les contenus suivants :<\/div><div>avis, commentaires.<\/div><div>\u00a0<\/div><div>Dans ses publications, le membre s&#8217;engage \u00e0 respecter les r\u00e8gles de la Netiquette (r\u00e8gles de bonne conduite de l&#8217;internet) et les r\u00e8gles de droit en vigueur.<\/div><div>\u00a0<\/div><div>Le site peut exercer une mod\u00e9ration sur les publications et se r\u00e9serve le droit de refuser leur mise en ligne, sans avoir \u00e0 s&#8217;en justifier aupr\u00e8s du membre.<\/div><div>\u00a0<\/div><div>Le membre reste titulaire de l&#8217;int\u00e9gralit\u00e9 de ses droits de propri\u00e9t\u00e9 intellectuelle. Mais en publiant une publication sur le site, il c\u00e8de \u00e0 la soci\u00e9t\u00e9 \u00e9ditrice le droit non exclusif et gratuit de repr\u00e9senter, reproduire, adapter, modifier, diffuser et distribuer sa publication, directement ou par un tiers autoris\u00e9, dans le monde entier, sur tout support (num\u00e9rique ou physique), pour la dur\u00e9e de la propri\u00e9t\u00e9 intellectuelle. Le Membre c\u00e8de notamment le droit d&#8217;utiliser sa publication sur internet et sur les r\u00e9seaux de t\u00e9l\u00e9phonie mobile.<\/div><div>\u00a0<\/div><div>La soci\u00e9t\u00e9 \u00e9ditrice s&#8217;engage \u00e0 faire figurer le nom du membre \u00e0 proximit\u00e9 de chaque utilisation de sa publication.<\/div><div>\u00a0<\/div><div>Tout contenu mis en ligne par l&#8217;Utilisateur est de sa seule responsabilit\u00e9. L&#8217;Utilisateur s&#8217;engage \u00e0 ne pas mettre en ligne de contenus pouvant porter atteinte aux int\u00e9r\u00eats de tierces personnes. Tout recours en justice engag\u00e9 par un tiers l\u00e9s\u00e9 contre le site sera pris en charge par l&#8217;Utilisateur.<\/div><div>\u00a0<\/div><div>Le contenu de l&#8217;Utilisateur peut \u00eatre \u00e0 tout moment et pour n&#8217;importe quelle raison supprim\u00e9 ou modifi\u00e9 par le site, sans pr\u00e9avis.<\/div><div>\u00a0<\/div><h3>Article 9 : Droit applicable et juridiction comp\u00e9tente<\/h3><div>\u00a0<\/div><div>La l\u00e9gislation fran\u00e7aise s&#8217;applique au pr\u00e9sent contrat. En cas d&#8217;absence de r\u00e9solution amiable d&#8217;un litige n\u00e9 entre les parties, les tribunaux fran\u00e7ais seront seuls comp\u00e9tents pour en conna\u00eetre.<\/div><div>Pour toute question relative \u00e0 l&#8217;application des pr\u00e9sentes CGU, vous pouvez joindre l&#8217;\u00e9diteur aux coordonn\u00e9es inscrites \u00e0 l&#8217;article 1.<\/div>\t\t\t\t\t\t\t\t<\/div>\n\t\t\t\t<\/div>\n\t\t\t\t<\/div>\n\t\t\t\t<\/div>\n\t\t","protected":false},"excerpt":{"rendered":"<p>Conditions g\u00e9n\u00e9rales d&#8217;utilisation en vigueur au 11\/07\/2024 Conditions g\u00e9n\u00e9rales d&#8217;utilisation \u00a0Les pr\u00e9sentes conditions g\u00e9n\u00e9rales d&#8217;utilisation (dites \u00ab CGU \u00bb) ont pour objet l&#8217;encadrement juridique des modalit\u00e9s de mise \u00e0 disposition du site et des services par La Voie de Nahk et de d\u00e9finir les conditions d&#8217;acc\u00e8s et d&#8217;utilisation des services par \u00ab l&#8217;Utilisateur \u00bb.\u00a0Les pr\u00e9sentes<span class=\"more-dots\">&#8230;<\/span> <br\/><span class=\"more-tag\"><a class=\"more-link\" href=\"https:\/\/lavoiedenahk.fr\/blog\/cgu\/\">Poursuivre la lecture<span class=\"screen-reader-text\"> \"Conditions G\u00e9n\u00e9rales d&#8217;Utilisation\"<\/span><\/a><\/span><!-- .more-tag --><\/p>\n","protected":false},"author":1,"featured_media":0,"parent":0,"menu_order":0,"comment_status":"closed","ping_status":"closed","template":"","meta":{"footnotes":""},"class_list":["post-6900","page","type-page","status-publish","hentry"],"yoast_head":"<!-- This site is optimized with the Yoast SEO plugin v27.2 - https:\/\/yoast.com\/product\/yoast-seo-wordpress\/ -->\n<title>Conditions G\u00e9n\u00e9rales d&#039;Utilisation | Chemin d&#039;\u00e9veil<\/title>\n<meta name=\"robots\" content=\"noindex, nofollow\" \/>\n<meta property=\"og:locale\" content=\"fr_FR\" \/>\n<meta property=\"og:type\" content=\"article\" \/>\n<meta property=\"og:title\" content=\"Conditions G\u00e9n\u00e9rales d&#039;Utilisation | Chemin d&#039;\u00e9veil\" \/>\n<meta property=\"og:description\" content=\"Conditions g\u00e9n\u00e9rales d&#8217;utilisation en vigueur au 11\/07\/2024 Conditions g\u00e9n\u00e9rales d&#8217;utilisation \u00a0Les pr\u00e9sentes conditions g\u00e9n\u00e9rales d&#8217;utilisation (dites \u00ab CGU \u00bb) ont pour objet l&#8217;encadrement juridique des modalit\u00e9s de mise \u00e0 disposition du site et des services par La Voie de Nahk et de d\u00e9finir les conditions d&#8217;acc\u00e8s et d&#8217;utilisation des services par \u00ab l&#8217;Utilisateur \u00bb.\u00a0Les pr\u00e9sentes...\" \/>\n<meta property=\"og:url\" content=\"https:\/\/lavoiedenahk.fr\/blog\/cgu\/\" \/>\n<meta property=\"og:site_name\" content=\"Chemin d&#039;\u00e9veil\" \/>\n<meta property=\"article:publisher\" content=\"https:\/\/www.facebook.com\/lavoiedenahkofficiel\/\" \/>\n<meta property=\"article:modified_time\" content=\"2026-02-18T14:50:02+00:00\" \/>\n<meta property=\"og:image\" content=\"https:\/\/lavoiedenahk.fr\/blog\/wp-content\/uploads\/2024\/10\/NAHK-signature-sanscontours658.png\" \/>\n\t<meta property=\"og:image:width\" content=\"658\" \/>\n\t<meta property=\"og:image:height\" content=\"649\" \/>\n\t<meta property=\"og:image:type\" content=\"image\/png\" \/>\n<meta name=\"twitter:card\" content=\"summary_large_image\" \/>\n<meta name=\"twitter:site\" content=\"@lavoiedenahk\" \/>\n<meta name=\"twitter:label1\" content=\"Dur\u00e9e de lecture estim\u00e9e\" \/>\n\t<meta name=\"twitter:data1\" content=\"6 minutes\" \/>\n<!-- \/ Yoast SEO plugin. -->","yoast_head_json":{"title":"Conditions G\u00e9n\u00e9rales d'Utilisation | Chemin d&#039;\u00e9veil","robots":{"index":"noindex","follow":"nofollow"},"og_locale":"fr_FR","og_type":"article","og_title":"Conditions G\u00e9n\u00e9rales d'Utilisation | Chemin d&#039;\u00e9veil","og_description":"Conditions g\u00e9n\u00e9rales d&#8217;utilisation en vigueur au 11\/07\/2024 Conditions g\u00e9n\u00e9rales d&#8217;utilisation \u00a0Les pr\u00e9sentes conditions g\u00e9n\u00e9rales d&#8217;utilisation (dites \u00ab CGU \u00bb) ont pour objet l&#8217;encadrement juridique des modalit\u00e9s de mise \u00e0 disposition du site et des services par La Voie de Nahk et de d\u00e9finir les conditions d&#8217;acc\u00e8s et d&#8217;utilisation des services par \u00ab l&#8217;Utilisateur \u00bb.\u00a0Les pr\u00e9sentes...","og_url":"https:\/\/lavoiedenahk.fr\/blog\/cgu\/","og_site_name":"Chemin d&#039;\u00e9veil","article_publisher":"https:\/\/www.facebook.com\/lavoiedenahkofficiel\/","article_modified_time":"2026-02-18T14:50:02+00:00","og_image":[{"width":658,"height":649,"url":"https:\/\/lavoiedenahk.fr\/blog\/wp-content\/uploads\/2024\/10\/NAHK-signature-sanscontours658.png","type":"image\/png"}],"twitter_card":"summary_large_image","twitter_site":"@lavoiedenahk","twitter_misc":{"Dur\u00e9e de lecture estim\u00e9e":"6 minutes"},"schema":{"@context":"https:\/\/schema.org","@graph":[{"@type":"WebPage","@id":"https:\/\/lavoiedenahk.fr\/blog\/cgu\/","url":"https:\/\/lavoiedenahk.fr\/blog\/cgu\/","name":"Conditions G\u00e9n\u00e9rales d'Utilisation | Chemin d&#039;\u00e9veil","isPartOf":{"@id":"https:\/\/lavoiedenahk.fr\/blog\/#website"},"datePublished":"2023-10-23T09:44:00+00:00","dateModified":"2026-02-18T14:50:02+00:00","breadcrumb":{"@id":"https:\/\/lavoiedenahk.fr\/blog\/cgu\/#breadcrumb"},"inLanguage":"fr-FR","potentialAction":[{"@type":"ReadAction","target":["https:\/\/lavoiedenahk.fr\/blog\/cgu\/"]}]},{"@type":"BreadcrumbList","@id":"https:\/\/lavoiedenahk.fr\/blog\/cgu\/#breadcrumb","itemListElement":[{"@type":"ListItem","position":1,"name":"Accueil","item":"https:\/\/lavoiedenahk.fr\/blog\/"},{"@type":"ListItem","position":2,"name":"Conditions G\u00e9n\u00e9rales d&#8217;Utilisation"}]},{"@type":"WebSite","@id":"https:\/\/lavoiedenahk.fr\/blog\/#website","url":"https:\/\/lavoiedenahk.fr\/blog\/","name":"Chemin d'\u00e9veil","description":"Chemin d&#039;\u00e9veil : le blog de Nahk","publisher":{"@id":"https:\/\/lavoiedenahk.fr\/blog\/#\/schema\/person\/be725f0bddd213a84b02fdabb68248fb"},"alternateName":"Le blog de Nahk","potentialAction":[{"@type":"SearchAction","target":{"@type":"EntryPoint","urlTemplate":"https:\/\/lavoiedenahk.fr\/blog\/?s={search_term_string}"},"query-input":{"@type":"PropertyValueSpecification","valueRequired":true,"valueName":"search_term_string"}}],"inLanguage":"fr-FR"},{"@type":["Person","Organization"],"@id":"https:\/\/lavoiedenahk.fr\/blog\/#\/schema\/person\/be725f0bddd213a84b02fdabb68248fb","name":"Karine Nahkag","image":{"@type":"ImageObject","inLanguage":"fr-FR","@id":"https:\/\/lavoiedenahk.fr\/blog\/wp-content\/uploads\/2024\/10\/cropped-NAHK-signature-sanscontours658.png","url":"https:\/\/lavoiedenahk.fr\/blog\/wp-content\/uploads\/2024\/10\/cropped-NAHK-signature-sanscontours658.png","contentUrl":"https:\/\/lavoiedenahk.fr\/blog\/wp-content\/uploads\/2024\/10\/cropped-NAHK-signature-sanscontours658.png","width":658,"height":649,"caption":"Karine Nahkag"},"logo":{"@id":"https:\/\/lavoiedenahk.fr\/blog\/wp-content\/uploads\/2024\/10\/cropped-NAHK-signature-sanscontours658.png"},"description":"M\u00e9dium et Hypnoth\u00e9rapeute, je vous accompagne vers un mieux \u00eatre par la pleine connaissance et conscience de soi. Retrouvez l'ensemble de mes programmes et soins holistiques sur les sites https:\/\/lavoiedenahk.fr et https:\/\/nahk-hypnose.fr Karine Nahkag \ud83c\udf3a\ud83d\udc9c","sameAs":["https:\/\/lavoiedenahk.fr\/blog","https:\/\/www.facebook.com\/lavoiedenahkofficiel\/","https:\/\/www.instagram.com\/lavoiedenahkofficiel\/","https:\/\/www.linkedin.com\/in\/nahk-hypnose\/","https:\/\/x.com\/@lavoiedenahk","https:\/\/www.youtube.com\/@LavoiedeNahk"]}]}},"_links":{"self":[{"href":"https:\/\/lavoiedenahk.fr\/blog\/wp-json\/wp\/v2\/pages\/6900","targetHints":{"allow":["GET"]}}],"collection":[{"href":"https:\/\/lavoiedenahk.fr\/blog\/wp-json\/wp\/v2\/pages"}],"about":[{"href":"https:\/\/lavoiedenahk.fr\/blog\/wp-json\/wp\/v2\/types\/page"}],"author":[{"embeddable":true,"href":"https:\/\/lavoiedenahk.fr\/blog\/wp-json\/wp\/v2\/users\/1"}],"replies":[{"embeddable":true,"href":"https:\/\/lavoiedenahk.fr\/blog\/wp-json\/wp\/v2\/comments?post=6900"}],"version-history":[{"count":1,"href":"https:\/\/lavoiedenahk.fr\/blog\/wp-json\/wp\/v2\/pages\/6900\/revisions"}],"predecessor-version":[{"id":10548,"href":"https:\/\/lavoiedenahk.fr\/blog\/wp-json\/wp\/v2\/pages\/6900\/revisions\/10548"}],"wp:attachment":[{"href":"https:\/\/lavoiedenahk.fr\/blog\/wp-json\/wp\/v2\/media?parent=6900"}],"curies":[{"name":"wp","href":"https:\/\/api.w.org\/{rel}","templated":true}]}}